{"id":29,"date":"2023-03-23T14:34:29","date_gmt":"2023-03-23T14:34:29","guid":{"rendered":"https:\/\/revillarecordsmusicgroup.com\/index.php\/about\/"},"modified":"2023-03-25T11:45:04","modified_gmt":"2023-03-25T11:45:04","slug":"about","status":"publish","type":"page","link":"https:\/\/revillarecordsmusicgroup.com\/index.php\/about\/","title":{"rendered":"Sobre nosotros"},"content":{"rendered":"\t\t<div data-elementor-type=\"wp-page\" data-elementor-id=\"29\" class=\"elementor elementor-29\" data-elementor-post-type=\"page\">\n\t\t\t\t\t\t<section class=\"elementor-section elementor-top-section elementor-element elementor-element-105af49e elementor-section-full_width elementor-section-height-default elementor-section-height-default\" data-id=\"105af49e\" data-element_type=\"section\">\n\t\t\t\t\t\t<div class=\"elementor-container elementor-column-gap-no\">\n\t\t\t\t\t<div class=\"elementor-column elementor-col-50 elementor-top-column elementor-element elementor-element-cfd8dd3\" data-id=\"cfd8dd3\" data-element_type=\"column\">\n\t\t\t<div class=\"elementor-widget-wrap elementor-element-populated\">\n\t\t\t\t\t\t<div class=\"elementor-element elementor-element-1fc36d9f elementor-widget elementor-widget-image\" data-id=\"1fc36d9f\" data-element_type=\"widget\" data-widget_type=\"image.default\">\n\t\t\t\t<div class=\"elementor-widget-container\">\n\t\t\t<style>\/*! elementor - v3.20.0 - 13-03-2024 *\/\n.elementor-widget-image{text-align:center}.elementor-widget-image a{display:inline-block}.elementor-widget-image a img[src$=\".svg\"]{width:48px}.elementor-widget-image img{vertical-align:middle;display:inline-block}<\/style>\t\t\t\t\t\t\t\t\t\t<img fetchpriority=\"high\" decoding=\"async\" width=\"500\" height=\"500\" src=\"https:\/\/revillarecordsmusicgroup.com\/wp-content\/uploads\/2023\/03\/cropped-2-1.png\" class=\"attachment-full size-full wp-image-7\" alt=\"logo revilla records\" srcset=\"https:\/\/revillarecordsmusicgroup.com\/wp-content\/uploads\/2023\/03\/cropped-2-1.png 500w, https:\/\/revillarecordsmusicgroup.com\/wp-content\/uploads\/2023\/03\/cropped-2-1-300x300.png 300w, https:\/\/revillarecordsmusicgroup.com\/wp-content\/uploads\/2023\/03\/cropped-2-1-150x150.png 150w\" sizes=\"(max-width: 500px) 100vw, 500px\" \/>\t\t\t\t\t\t\t\t\t\t\t\t\t<\/div>\n\t\t\t\t<\/div>\n\t\t\t\t\t<\/div>\n\t\t<\/div>\n\t\t\t\t<div class=\"elementor-column elementor-col-50 elementor-top-column elementor-element elementor-element-f32993f\" data-id=\"f32993f\" data-element_type=\"column\">\n\t\t\t<div class=\"elementor-widget-wrap elementor-element-populated\">\n\t\t\t\t\t\t<div class=\"elementor-element elementor-element-796d2345 elementor-widget elementor-widget-heading\" data-id=\"796d2345\" data-element_type=\"widget\" data-widget_type=\"heading.default\">\n\t\t\t\t<div class=\"elementor-widget-container\">\n\t\t\t<style>\/*! elementor - v3.20.0 - 13-03-2024 *\/\n.elementor-heading-title{padding:0;margin:0;line-height:1}.elementor-widget-heading .elementor-heading-title[class*=elementor-size-]>a{color:inherit;font-size:inherit;line-height:inherit}.elementor-widget-heading .elementor-heading-title.elementor-size-small{font-size:15px}.elementor-widget-heading .elementor-heading-title.elementor-size-medium{font-size:19px}.elementor-widget-heading .elementor-heading-title.elementor-size-large{font-size:29px}.elementor-widget-heading .elementor-heading-title.elementor-size-xl{font-size:39px}.elementor-widget-heading .elementor-heading-title.elementor-size-xxl{font-size:59px}<\/style><h1 class=\"elementor-heading-title elementor-size-default\">Sobre nosotros<\/h1>\t\t<\/div>\n\t\t\t\t<\/div>\n\t\t\t\t<div class=\"elementor-element elementor-element-71ebc2f2 elementor-widget elementor-widget-text-editor\" data-id=\"71ebc2f2\" data-element_type=\"widget\" data-widget_type=\"text-editor.default\">\n\t\t\t\t<div class=\"elementor-widget-container\">\n\t\t\t<style>\/*! elementor - v3.20.0 - 13-03-2024 *\/\n.elementor-widget-text-editor.elementor-drop-cap-view-stacked .elementor-drop-cap{background-color:#69727d;color:#fff}.elementor-widget-text-editor.elementor-drop-cap-view-framed .elementor-drop-cap{color:#69727d;border:3px solid;background-color:transparent}.elementor-widget-text-editor:not(.elementor-drop-cap-view-default) .elementor-drop-cap{margin-top:8px}.elementor-widget-text-editor:not(.elementor-drop-cap-view-default) .elementor-drop-cap-letter{width:1em;height:1em}.elementor-widget-text-editor .elementor-drop-cap{float:left;text-align:center;line-height:1;font-size:50px}.elementor-widget-text-editor .elementor-drop-cap-letter{display:inline-block}<\/style>\t\t\t\t<p class=\"p1\">La historia de Revilla Records en la industria de la m\u00fasica ha sido muy interesante y ha dejado una huella importante.<\/p>\n<p class=\"p1\">Despu\u00e9s de a\u00f1os de trabajo arduo, la compa\u00f1\u00eda logr\u00f3 consolidarse como una de las principales discogr\u00e1ficas de cumbia en M\u00e9xico y en otros pa\u00edses de Latinoam\u00e9rica, gracias a su amplio cat\u00e1logo musical y su capacidad para identificar talentos emergentes.<\/p>\n<p class=\"p1\">Revilla Records ha estado presente en la evoluci\u00f3n de la industria musical, adapt\u00e1ndose a las tendencias y tecnolog\u00edas emergentes. Adem\u00e1s de sus inicios en la producci\u00f3n de vinilos, casetes y CDs, la compa\u00f1\u00eda ha incursionado en las plataformas digitales, lo que le ha permitido llegar a una audiencia m\u00e1s amplia en todo el mundo.<\/p>\n<p class=\"p1\">Hoy en d\u00eda, Revilla Records sigue siendo una referencia en el mundo de la cumbia, tanto por su experiencia en la producci\u00f3n de m\u00fasica como por su capacidad para adaptarse a los nuevos tiempos y tendencias. Adem\u00e1s, contin\u00faa descubriendo y promoviendo talentos emergentes en la m\u00fasica y llevando la m\u00fasica de cumbia a nuevos horizontes.<\/p>\n<p class=\"p1\">Revilla Records Music Group est\u00e1 conformado por un equipo de profesionales de la industria musical, encargados de la producci\u00f3n, promoci\u00f3n y distribuci\u00f3n de la m\u00fasica que se produce en la compa\u00f1\u00eda.<\/p>\n<p class=\"p1\">Adem\u00e1s, cuenta con un amplio cat\u00e1logo de artistas y grupos que han firmado con la compa\u00f1\u00eda a lo largo de los a\u00f1os, y que han contribuido al \u00e9xito y prestigio de Revilla Records. Entre ellos se encuentran Grupo Kual, Yes Yes, Grupo So\u00f1ador, Los Papis RA7, Grupo Pesadilla, Los de Tepito, Grupo Baratos, Grupos Karos, Los Deakino, y muchos otros m\u00e1s.<\/p>\n<p class=\"p1\">Cada uno de estos artistas y grupos ha dejado su huella en la m\u00fasica de Revilla Records, y han contribuido a consolidar su posici\u00f3n como una de las compa\u00f1\u00edas discogr\u00e1ficas m\u00e1s importantes en la escena de la cumbia y el sonido sonidero en M\u00e9xico y en el extranjero.<\/p>\n<p class=\"p1\">En definitiva, la historia de Revilla Records es una historia de perseverancia, innovaci\u00f3n y pasi\u00f3n por la m\u00fasica, que ha dejado una huella importante en la industria musical de Latinoam\u00e9rica. \u00a1Estamos orgullosos de ser parte de ella y seguir construyendo juntos el futuro de la m\u00fasica de cumbia!<\/p>\t\t\t\t\t\t<\/div>\n\t\t\t\t<\/div>\n\t\t\t\t\t<\/div>\n\t\t<\/div>\n\t\t\t\t\t<\/div>\n\t\t<\/section>\n\t\t\t\t<\/div>\n\t\t","protected":false},"excerpt":{"rendered":"<p>Sobre nosotros La historia de Revilla Records en la industria de la m\u00fasica ha sido muy interesante y ha dejado una huella importante. Despu\u00e9s de a\u00f1os de trabajo arduo, la compa\u00f1\u00eda logr\u00f3 consolidarse como una de las principales discogr\u00e1ficas de cumbia en M\u00e9xico y en otros pa\u00edses de Latinoam\u00e9rica, gracias a su amplio cat\u00e1logo musical [&hellip;]<\/p>\n","protected":false},"author":1,"featured_media":0,"parent":0,"menu_order":0,"comment_status":"closed","ping_status":"closed","template":"elementor_header_footer","meta":{"_monsterinsights_skip_tracking":false,"_monsterinsights_sitenote_active":false,"_monsterinsights_sitenote_note":"","_monsterinsights_sitenote_category":0,"footnotes":""},"yoast_head":"<!-- This site is optimized with the Yoast SEO plugin v22.2 - https:\/\/yoast.com\/wordpress\/plugins\/seo\/ -->\n<title>Sobre nosotros - Revilla Records Music Group<\/title>\n<meta name=\"robots\" content=\"index, follow, max-snippet:-1, max-image-preview:large, max-video-preview:-1\" \/>\n<link rel=\"canonical\" href=\"https:\/\/revillarecordsmusicgroup.com\/index.php\/about\/\" \/>\n<meta property=\"og:locale\" content=\"en_US\" \/>\n<meta property=\"og:type\" content=\"article\" \/>\n<meta property=\"og:title\" content=\"Sobre nosotros - Revilla Records Music Group\" \/>\n<meta property=\"og:description\" content=\"Sobre nosotros La historia de Revilla Records en la industria de la m\u00fasica ha sido muy interesante y ha dejado una huella importante. Despu\u00e9s de a\u00f1os de trabajo arduo, la compa\u00f1\u00eda logr\u00f3 consolidarse como una de las principales discogr\u00e1ficas de cumbia en M\u00e9xico y en otros pa\u00edses de Latinoam\u00e9rica, gracias a su amplio cat\u00e1logo musical [&hellip;]\" \/>\n<meta property=\"og:url\" content=\"https:\/\/revillarecordsmusicgroup.com\/index.php\/about\/\" \/>\n<meta property=\"og:site_name\" content=\"Revilla Records Music Group\" \/>\n<meta property=\"article:modified_time\" content=\"2023-03-25T11:45:04+00:00\" \/>\n<meta property=\"og:image\" content=\"http:\/\/revillarecordsmusicgroup.com\/wp-content\/uploads\/2023\/03\/cropped-2-1.png\" \/>\n<meta name=\"twitter:card\" content=\"summary_large_image\" \/>\n<meta name=\"twitter:label1\" content=\"Est. reading time\" \/>\n\t<meta name=\"twitter:data1\" content=\"2 minutes\" \/>\n<script type=\"application\/ld+json\" class=\"yoast-schema-graph\">{\"@context\":\"https:\/\/schema.org\",\"@graph\":[{\"@type\":\"WebPage\",\"@id\":\"https:\/\/revillarecordsmusicgroup.com\/index.php\/about\/\",\"url\":\"https:\/\/revillarecordsmusicgroup.com\/index.php\/about\/\",\"name\":\"Sobre nosotros - Revilla Records Music Group\",\"isPartOf\":{\"@id\":\"https:\/\/revillarecordsmusicgroup.com\/#website\"},\"primaryImageOfPage\":{\"@id\":\"https:\/\/revillarecordsmusicgroup.com\/index.php\/about\/#primaryimage\"},\"image\":{\"@id\":\"https:\/\/revillarecordsmusicgroup.com\/index.php\/about\/#primaryimage\"},\"thumbnailUrl\":\"http:\/\/revillarecordsmusicgroup.com\/wp-content\/uploads\/2023\/03\/cropped-2-1.png\",\"datePublished\":\"2023-03-23T14:34:29+00:00\",\"dateModified\":\"2023-03-25T11:45:04+00:00\",\"breadcrumb\":{\"@id\":\"https:\/\/revillarecordsmusicgroup.com\/index.php\/about\/#breadcrumb\"},\"inLanguage\":\"en-US\",\"potentialAction\":[{\"@type\":\"ReadAction\",\"target\":[\"https:\/\/revillarecordsmusicgroup.com\/index.php\/about\/\"]}]},{\"@type\":\"ImageObject\",\"inLanguage\":\"en-US\",\"@id\":\"https:\/\/revillarecordsmusicgroup.com\/index.php\/about\/#primaryimage\",\"url\":\"http:\/\/revillarecordsmusicgroup.com\/wp-content\/uploads\/2023\/03\/cropped-2-1.png\",\"contentUrl\":\"http:\/\/revillarecordsmusicgroup.com\/wp-content\/uploads\/2023\/03\/cropped-2-1.png\"},{\"@type\":\"BreadcrumbList\",\"@id\":\"https:\/\/revillarecordsmusicgroup.com\/index.php\/about\/#breadcrumb\",\"itemListElement\":[{\"@type\":\"ListItem\",\"position\":1,\"name\":\"Portada\",\"item\":\"https:\/\/revillarecordsmusicgroup.com\/\"},{\"@type\":\"ListItem\",\"position\":2,\"name\":\"Sobre nosotros\"}]},{\"@type\":\"WebSite\",\"@id\":\"https:\/\/revillarecordsmusicgroup.com\/#website\",\"url\":\"https:\/\/revillarecordsmusicgroup.com\/\",\"name\":\"Revilla Records Music Group\",\"description\":\"Haciendo Cumbia desde 1985\",\"publisher\":{\"@id\":\"https:\/\/revillarecordsmusicgroup.com\/#organization\"},\"potentialAction\":[{\"@type\":\"SearchAction\",\"target\":{\"@type\":\"EntryPoint\",\"urlTemplate\":\"https:\/\/revillarecordsmusicgroup.com\/?s={search_term_string}\"},\"query-input\":\"required name=search_term_string\"}],\"inLanguage\":\"en-US\"},{\"@type\":\"Organization\",\"@id\":\"https:\/\/revillarecordsmusicgroup.com\/#organization\",\"name\":\"Revilla Records Music Group\",\"url\":\"https:\/\/revillarecordsmusicgroup.com\/\",\"logo\":{\"@type\":\"ImageObject\",\"inLanguage\":\"en-US\",\"@id\":\"https:\/\/revillarecordsmusicgroup.com\/#\/schema\/logo\/image\/\",\"url\":\"https:\/\/revillarecordsmusicgroup.com\/wp-content\/uploads\/2023\/03\/cropped-2-1.png\",\"contentUrl\":\"https:\/\/revillarecordsmusicgroup.com\/wp-content\/uploads\/2023\/03\/cropped-2-1.png\",\"width\":500,\"height\":500,\"caption\":\"Revilla Records Music Group\"},\"image\":{\"@id\":\"https:\/\/revillarecordsmusicgroup.com\/#\/schema\/logo\/image\/\"}}]}<\/script>\n<!-- \/ Yoast SEO plugin. -->","yoast_head_json":{"title":"Sobre nosotros - Revilla Records Music Group","robots":{"index":"index","follow":"follow","max-snippet":"max-snippet:-1","max-image-preview":"max-image-preview:large","max-video-preview":"max-video-preview:-1"},"canonical":"https:\/\/revillarecordsmusicgroup.com\/index.php\/about\/","og_locale":"en_US","og_type":"article","og_title":"Sobre nosotros - Revilla Records Music Group","og_description":"Sobre nosotros La historia de Revilla Records en la industria de la m\u00fasica ha sido muy interesante y ha dejado una huella importante. Despu\u00e9s de a\u00f1os de trabajo arduo, la compa\u00f1\u00eda logr\u00f3 consolidarse como una de las principales discogr\u00e1ficas de cumbia en M\u00e9xico y en otros pa\u00edses de Latinoam\u00e9rica, gracias a su amplio cat\u00e1logo musical [&hellip;]","og_url":"https:\/\/revillarecordsmusicgroup.com\/index.php\/about\/","og_site_name":"Revilla Records Music Group","article_modified_time":"2023-03-25T11:45:04+00:00","og_image":[{"url":"http:\/\/revillarecordsmusicgroup.com\/wp-content\/uploads\/2023\/03\/cropped-2-1.png"}],"twitter_card":"summary_large_image","twitter_misc":{"Est. reading time":"2 minutes"},"schema":{"@context":"https:\/\/schema.org","@graph":[{"@type":"WebPage","@id":"https:\/\/revillarecordsmusicgroup.com\/index.php\/about\/","url":"https:\/\/revillarecordsmusicgroup.com\/index.php\/about\/","name":"Sobre nosotros - Revilla Records Music Group","isPartOf":{"@id":"https:\/\/revillarecordsmusicgroup.com\/#website"},"primaryImageOfPage":{"@id":"https:\/\/revillarecordsmusicgroup.com\/index.php\/about\/#primaryimage"},"image":{"@id":"https:\/\/revillarecordsmusicgroup.com\/index.php\/about\/#primaryimage"},"thumbnailUrl":"http:\/\/revillarecordsmusicgroup.com\/wp-content\/uploads\/2023\/03\/cropped-2-1.png","datePublished":"2023-03-23T14:34:29+00:00","dateModified":"2023-03-25T11:45:04+00:00","breadcrumb":{"@id":"https:\/\/revillarecordsmusicgroup.com\/index.php\/about\/#breadcrumb"},"inLanguage":"en-US","potentialAction":[{"@type":"ReadAction","target":["https:\/\/revillarecordsmusicgroup.com\/index.php\/about\/"]}]},{"@type":"ImageObject","inLanguage":"en-US","@id":"https:\/\/revillarecordsmusicgroup.com\/index.php\/about\/#primaryimage","url":"http:\/\/revillarecordsmusicgroup.com\/wp-content\/uploads\/2023\/03\/cropped-2-1.png","contentUrl":"http:\/\/revillarecordsmusicgroup.com\/wp-content\/uploads\/2023\/03\/cropped-2-1.png"},{"@type":"BreadcrumbList","@id":"https:\/\/revillarecordsmusicgroup.com\/index.php\/about\/#breadcrumb","itemListElement":[{"@type":"ListItem","position":1,"name":"Portada","item":"https:\/\/revillarecordsmusicgroup.com\/"},{"@type":"ListItem","position":2,"name":"Sobre nosotros"}]},{"@type":"WebSite","@id":"https:\/\/revillarecordsmusicgroup.com\/#website","url":"https:\/\/revillarecordsmusicgroup.com\/","name":"Revilla Records Music Group","description":"Haciendo Cumbia desde 1985","publisher":{"@id":"https:\/\/revillarecordsmusicgroup.com\/#organization"},"potentialAction":[{"@type":"SearchAction","target":{"@type":"EntryPoint","urlTemplate":"https:\/\/revillarecordsmusicgroup.com\/?s={search_term_string}"},"query-input":"required name=search_term_string"}],"inLanguage":"en-US"},{"@type":"Organization","@id":"https:\/\/revillarecordsmusicgroup.com\/#organization","name":"Revilla Records Music Group","url":"https:\/\/revillarecordsmusicgroup.com\/","logo":{"@type":"ImageObject","inLanguage":"en-US","@id":"https:\/\/revillarecordsmusicgroup.com\/#\/schema\/logo\/image\/","url":"https:\/\/revillarecordsmusicgroup.com\/wp-content\/uploads\/2023\/03\/cropped-2-1.png","contentUrl":"https:\/\/revillarecordsmusicgroup.com\/wp-content\/uploads\/2023\/03\/cropped-2-1.png","width":500,"height":500,"caption":"Revilla Records Music Group"},"image":{"@id":"https:\/\/revillarecordsmusicgroup.com\/#\/schema\/logo\/image\/"}}]}},"_links":{"self":[{"href":"https:\/\/revillarecordsmusicgroup.com\/index.php\/wp-json\/wp\/v2\/pages\/29"}],"collection":[{"href":"https:\/\/revillarecordsmusicgroup.com\/index.php\/wp-json\/wp\/v2\/pages"}],"about":[{"href":"https:\/\/revillarecordsmusicgroup.com\/index.php\/wp-json\/wp\/v2\/types\/page"}],"author":[{"embeddable":true,"href":"https:\/\/revillarecordsmusicgroup.com\/index.php\/wp-json\/wp\/v2\/users\/1"}],"replies":[{"embeddable":true,"href":"https:\/\/revillarecordsmusicgroup.com\/index.php\/wp-json\/wp\/v2\/comments?post=29"}],"version-history":[{"count":10,"href":"https:\/\/revillarecordsmusicgroup.com\/index.php\/wp-json\/wp\/v2\/pages\/29\/revisions"}],"predecessor-version":[{"id":235,"href":"https:\/\/revillarecordsmusicgroup.com\/index.php\/wp-json\/wp\/v2\/pages\/29\/revisions\/235"}],"wp:attachment":[{"href":"https:\/\/revillarecordsmusicgroup.com\/index.php\/wp-json\/wp\/v2\/media?parent=29"}],"curies":[{"name":"wp","href":"https:\/\/api.w.org\/{rel}","templated":true}]}}