{"id":52,"date":"2023-03-23T14:34:38","date_gmt":"2023-03-23T14:34:38","guid":{"rendered":"https:\/\/revillarecordsmusicgroup.com\/index.php\/home\/"},"modified":"2023-04-13T19:01:10","modified_gmt":"2023-04-13T19:01:10","slug":"home","status":"publish","type":"page","link":"https:\/\/revillarecordsmusicgroup.com\/","title":{"rendered":"Home"},"content":{"rendered":"\t\t<div data-elementor-type=\"wp-page\" data-elementor-id=\"52\" class=\"elementor elementor-52\" data-elementor-post-type=\"page\">\n\t\t\t\t\t\t<section class=\"elementor-section elementor-top-section elementor-element elementor-element-5d8b22a1 elementor-section-height-min-height elementor-section-items-stretch elementor-section-content-middle elementor-section-boxed elementor-section-height-default\" data-id=\"5d8b22a1\" data-element_type=\"section\" data-settings=\"{&quot;background_background&quot;:&quot;video&quot;,&quot;background_video_link&quot;:&quot;https:\\\/\\\/youtu.be\\\/j478SC642Lo&quot;,&quot;background_video_start&quot;:20,&quot;background_video_end&quot;:30,&quot;background_play_on_mobile&quot;:&quot;yes&quot;}\">\n\t\t\t\t\t\t\t\t<div class=\"elementor-background-video-container\">\n\t\t\t\t\t\t\t\t\t\t\t\t\t<div class=\"elementor-background-video-embed\"><\/div>\n\t\t\t\t\t\t\t\t\t\t\t\t<\/div>\n\t\t\t\t\t\t\t\t<div class=\"elementor-container elementor-column-gap-no\">\n\t\t\t\t\t<div class=\"elementor-column elementor-col-100 elementor-top-column elementor-element elementor-element-68c57fdc\" data-id=\"68c57fdc\" data-element_type=\"column\">\n\t\t\t<div class=\"elementor-widget-wrap elementor-element-populated\">\n\t\t\t\t\t\t<div class=\"elementor-element elementor-element-20df8cad elementor-widget elementor-widget-heading\" data-id=\"20df8cad\" data-element_type=\"widget\" data-widget_type=\"heading.default\">\n\t\t\t\t<div class=\"elementor-widget-container\">\n\t\t\t<style>\/*! elementor - v3.20.0 - 13-03-2024 *\/\n.elementor-heading-title{padding:0;margin:0;line-height:1}.elementor-widget-heading .elementor-heading-title[class*=elementor-size-]>a{color:inherit;font-size:inherit;line-height:inherit}.elementor-widget-heading .elementor-heading-title.elementor-size-small{font-size:15px}.elementor-widget-heading .elementor-heading-title.elementor-size-medium{font-size:19px}.elementor-widget-heading .elementor-heading-title.elementor-size-large{font-size:29px}.elementor-widget-heading .elementor-heading-title.elementor-size-xl{font-size:39px}.elementor-widget-heading .elementor-heading-title.elementor-size-xxl{font-size:59px}<\/style><h1 class=\"elementor-heading-title elementor-size-default\">Revilla Records Music Group <\/h1>\t\t<\/div>\n\t\t\t\t<\/div>\n\t\t\t\t<div class=\"elementor-element elementor-element-22e7a4f6 elementor-widget elementor-widget-heading\" data-id=\"22e7a4f6\" data-element_type=\"widget\" data-widget_type=\"heading.default\">\n\t\t\t\t<div class=\"elementor-widget-container\">\n\t\t\t<h5 class=\"elementor-heading-title elementor-size-default\">Haciendo Cumbia desde 1985<\/h5>\t\t<\/div>\n\t\t\t\t<\/div>\n\t\t\t\t<div class=\"elementor-element elementor-element-68eb7afc elementor-align-center elementor-widget elementor-widget-button\" data-id=\"68eb7afc\" data-element_type=\"widget\" data-widget_type=\"button.default\">\n\t\t\t\t<div class=\"elementor-widget-container\">\n\t\t\t\t\t<div class=\"elementor-button-wrapper\">\n\t\t\t<a class=\"elementor-button elementor-button-link elementor-size-sm\" href=\"https:\/\/revillarecordsmusicgroup.com\/index.php\/contact\/\">\n\t\t\t\t\t\t<span class=\"elementor-button-content-wrapper\">\n\t\t\t\t\t\t<span class=\"elementor-button-text\">Cont\u00e1ctanos<\/span>\n\t\t<\/span>\n\t\t\t\t\t<\/a>\n\t\t<\/div>\n\t\t\t\t<\/div>\n\t\t\t\t<\/div>\n\t\t\t\t\t<\/div>\n\t\t<\/div>\n\t\t\t\t\t<\/div>\n\t\t<\/section>\n\t\t\t\t<section class=\"elementor-section elementor-top-section elementor-element elementor-element-6f3cb6d elementor-section-full_width elementor-section-content-middle elementor-reverse-tablet elementor-reverse-mobile elementor-section-height-default elementor-section-height-default\" data-id=\"6f3cb6d\" data-element_type=\"section\">\n\t\t\t\t\t\t<div class=\"elementor-container elementor-column-gap-no\">\n\t\t\t\t\t<div class=\"elementor-column elementor-col-50 elementor-top-column elementor-element elementor-element-52103f1e\" data-id=\"52103f1e\" data-element_type=\"column\">\n\t\t\t<div class=\"elementor-widget-wrap elementor-element-populated\">\n\t\t\t\t\t\t<div class=\"elementor-element elementor-element-39109b86 elementor-widget elementor-widget-heading\" data-id=\"39109b86\" data-element_type=\"widget\" data-widget_type=\"heading.default\">\n\t\t\t\t<div class=\"elementor-widget-container\">\n\t\t\t<h2 class=\"elementor-heading-title elementor-size-default\">Historia de Revilla Records <\/h2>\t\t<\/div>\n\t\t\t\t<\/div>\n\t\t\t\t<div class=\"elementor-element elementor-element-e975c44 elementor-widget elementor-widget-heading\" data-id=\"e975c44\" data-element_type=\"widget\" data-widget_type=\"heading.default\">\n\t\t\t\t<div class=\"elementor-widget-container\">\n\t\t\t<h5 class=\"elementor-heading-title elementor-size-default\">La historia de Revilla Records en la industria de la m\u00fasica.<\/h5>\t\t<\/div>\n\t\t\t\t<\/div>\n\t\t\t\t<div class=\"elementor-element elementor-element-45da625b elementor-widget elementor-widget-text-editor\" data-id=\"45da625b\" data-element_type=\"widget\" data-widget_type=\"text-editor.default\">\n\t\t\t\t<div class=\"elementor-widget-container\">\n\t\t\t<style>\/*! elementor - v3.20.0 - 13-03-2024 *\/\n.elementor-widget-text-editor.elementor-drop-cap-view-stacked .elementor-drop-cap{background-color:#69727d;color:#fff}.elementor-widget-text-editor.elementor-drop-cap-view-framed .elementor-drop-cap{color:#69727d;border:3px solid;background-color:transparent}.elementor-widget-text-editor:not(.elementor-drop-cap-view-default) .elementor-drop-cap{margin-top:8px}.elementor-widget-text-editor:not(.elementor-drop-cap-view-default) .elementor-drop-cap-letter{width:1em;height:1em}.elementor-widget-text-editor .elementor-drop-cap{float:left;text-align:center;line-height:1;font-size:50px}.elementor-widget-text-editor .elementor-drop-cap-letter{display:inline-block}<\/style>\t\t\t\t<p class=\"p1\">La historia de Revilla Records en la industria de la m\u00fasica ha sido muy interesante y ha dejado una huella importante.<\/p><p class=\"p1\">Despu\u00e9s de a\u00f1os de trabajo arduo, la compa\u00f1\u00eda logr\u00f3 consolidarse como una de las principales discogr\u00e1ficas de cumbia en M\u00e9xico y en otros pa\u00edses de Latinoam\u00e9rica, gracias a su amplio cat\u00e1logo musical y su capacidad para identificar talentos emergentes.<\/p>\t\t\t\t\t\t<\/div>\n\t\t\t\t<\/div>\n\t\t\t\t<div class=\"elementor-element elementor-element-33e9f432 elementor-invisible elementor-widget elementor-widget-button\" data-id=\"33e9f432\" data-element_type=\"widget\" data-settings=\"{&quot;_animation&quot;:&quot;fadeInDown&quot;}\" data-widget_type=\"button.default\">\n\t\t\t\t<div class=\"elementor-widget-container\">\n\t\t\t\t\t<div class=\"elementor-button-wrapper\">\n\t\t\t<a class=\"elementor-button elementor-button-link elementor-size-sm\" href=\"https:\/\/revillarecordsmusicgroup.com\/index.php\/about\/\">\n\t\t\t\t\t\t<span class=\"elementor-button-content-wrapper\">\n\t\t\t\t\t\t<span class=\"elementor-button-text\">Leer mas<\/span>\n\t\t<\/span>\n\t\t\t\t\t<\/a>\n\t\t<\/div>\n\t\t\t\t<\/div>\n\t\t\t\t<\/div>\n\t\t\t\t\t<\/div>\n\t\t<\/div>\n\t\t\t\t<div class=\"elementor-column elementor-col-50 elementor-top-column elementor-element elementor-element-3d4a50e6\" data-id=\"3d4a50e6\" data-element_type=\"column\">\n\t\t\t<div class=\"elementor-widget-wrap elementor-element-populated\">\n\t\t\t\t\t\t<div class=\"elementor-element elementor-element-aa79f00 elementor-widget elementor-widget-image\" data-id=\"aa79f00\" data-element_type=\"widget\" data-widget_type=\"image.default\">\n\t\t\t\t<div class=\"elementor-widget-container\">\n\t\t\t<style>\/*! elementor - v3.20.0 - 13-03-2024 *\/\n.elementor-widget-image{text-align:center}.elementor-widget-image a{display:inline-block}.elementor-widget-image a img[src$=\".svg\"]{width:48px}.elementor-widget-image img{vertical-align:middle;display:inline-block}<\/style>\t\t\t\t\t\t\t\t\t\t<img fetchpriority=\"high\" decoding=\"async\" width=\"500\" height=\"500\" src=\"https:\/\/revillarecordsmusicgroup.com\/wp-content\/uploads\/2023\/03\/cropped-2-1.png\" class=\"attachment-full size-full wp-image-7\" alt=\"logo revilla records\" srcset=\"https:\/\/revillarecordsmusicgroup.com\/wp-content\/uploads\/2023\/03\/cropped-2-1.png 500w, https:\/\/revillarecordsmusicgroup.com\/wp-content\/uploads\/2023\/03\/cropped-2-1-300x300.png 300w, https:\/\/revillarecordsmusicgroup.com\/wp-content\/uploads\/2023\/03\/cropped-2-1-150x150.png 150w\" sizes=\"(max-width: 500px) 100vw, 500px\" \/>\t\t\t\t\t\t\t\t\t\t\t\t\t<\/div>\n\t\t\t\t<\/div>\n\t\t\t\t\t<\/div>\n\t\t<\/div>\n\t\t\t\t\t<\/div>\n\t\t<\/section>\n\t\t\t\t<section class=\"elementor-section elementor-top-section elementor-element elementor-element-67844096 elementor-section-full_width elementor-section-content-middle elementor-reverse-mobile elementor-section-height-default elementor-section-height-default\" data-id=\"67844096\" data-element_type=\"section\" data-settings=\"{&quot;background_background&quot;:&quot;classic&quot;}\">\n\t\t\t\t\t\t<div class=\"elementor-container elementor-column-gap-no\">\n\t\t\t\t\t<div class=\"elementor-column elementor-col-50 elementor-top-column elementor-element elementor-element-43917dde\" data-id=\"43917dde\" data-element_type=\"column\">\n\t\t\t<div class=\"elementor-widget-wrap elementor-element-populated\">\n\t\t\t\t\t\t<div class=\"elementor-element elementor-element-67fb64d4 elementor-widget elementor-widget-heading\" data-id=\"67fb64d4\" data-element_type=\"widget\" data-widget_type=\"heading.default\">\n\t\t\t\t<div class=\"elementor-widget-container\">\n\t\t\t<h2 class=\"elementor-heading-title elementor-size-default\">Contacto<\/h2>\t\t<\/div>\n\t\t\t\t<\/div>\n\t\t\t\t<div class=\"elementor-element elementor-element-342ec4e3 elementor-widget elementor-widget-text-editor\" data-id=\"342ec4e3\" data-element_type=\"widget\" data-widget_type=\"text-editor.default\">\n\t\t\t\t<div class=\"elementor-widget-container\">\n\t\t\t\t\t\t\t<p>Por cualquier inquietud, cont\u00e1ctanos y te responderemos lo antes posible.<\/p><p>Si tines un demo de tu banda por favor completa el siguiente formulario.<\/p>\t\t\t\t\t\t<\/div>\n\t\t\t\t<\/div>\n\t\t\t\t<div class=\"elementor-element elementor-element-57647329 elementor-invisible elementor-widget elementor-widget-button\" data-id=\"57647329\" data-element_type=\"widget\" data-settings=\"{&quot;_animation&quot;:&quot;fadeInDown&quot;}\" data-widget_type=\"button.default\">\n\t\t\t\t<div class=\"elementor-widget-container\">\n\t\t\t\t\t<div class=\"elementor-button-wrapper\">\n\t\t\t<a class=\"elementor-button elementor-button-link elementor-size-sm\" href=\"https:\/\/revillarecordsmusicgroup.com\/index.php\/contact\/\">\n\t\t\t\t\t\t<span class=\"elementor-button-content-wrapper\">\n\t\t\t\t\t\t<span class=\"elementor-button-text\">Cont\u00e1ctanos<\/span>\n\t\t<\/span>\n\t\t\t\t\t<\/a>\n\t\t<\/div>\n\t\t\t\t<\/div>\n\t\t\t\t<\/div>\n\t\t\t\t\t<\/div>\n\t\t<\/div>\n\t\t\t\t<div class=\"elementor-column elementor-col-50 elementor-top-column elementor-element elementor-element-135f1843\" data-id=\"135f1843\" data-element_type=\"column\">\n\t\t\t<div class=\"elementor-widget-wrap elementor-element-populated\">\n\t\t\t\t\t\t<div class=\"elementor-element elementor-element-34608e63 elementor-widget elementor-widget-image\" data-id=\"34608e63\" data-element_type=\"widget\" data-widget_type=\"image.default\">\n\t\t\t\t<div class=\"elementor-widget-container\">\n\t\t\t\t\t\t\t\t\t\t\t\t\t<img decoding=\"async\" width=\"500\" height=\"500\" src=\"https:\/\/revillarecordsmusicgroup.com\/wp-content\/uploads\/2023\/03\/Contactanos-Revilla-Records.png\" class=\"attachment-full size-full wp-image-77\" alt=\"\" srcset=\"https:\/\/revillarecordsmusicgroup.com\/wp-content\/uploads\/2023\/03\/Contactanos-Revilla-Records.png 500w, https:\/\/revillarecordsmusicgroup.com\/wp-content\/uploads\/2023\/03\/Contactanos-Revilla-Records-300x300.png 300w, https:\/\/revillarecordsmusicgroup.com\/wp-content\/uploads\/2023\/03\/Contactanos-Revilla-Records-150x150.png 150w\" sizes=\"(max-width: 500px) 100vw, 500px\" \/>\t\t\t\t\t\t\t\t\t\t\t\t\t<\/div>\n\t\t\t\t<\/div>\n\t\t\t\t\t<\/div>\n\t\t<\/div>\n\t\t\t\t\t<\/div>\n\t\t<\/section>\n\t\t\t\t<section class=\"elementor-section elementor-top-section elementor-element elementor-element-e0c082f elementor-section-boxed elementor-section-height-default elementor-section-height-default\" data-id=\"e0c082f\" data-element_type=\"section\">\n\t\t\t\t\t\t<div class=\"elementor-container elementor-column-gap-default\">\n\t\t\t\t\t<div class=\"elementor-column elementor-col-100 elementor-top-column elementor-element elementor-element-cdd153a\" data-id=\"cdd153a\" data-element_type=\"column\">\n\t\t\t<div class=\"elementor-widget-wrap\">\n\t\t\t\t\t\t\t<\/div>\n\t\t<\/div>\n\t\t\t\t\t<\/div>\n\t\t<\/section>\n\t\t\t\t<\/div>\n\t\t","protected":false},"excerpt":{"rendered":"<p>Revilla Records Music Group Haciendo Cumbia desde 1985 Cont\u00e1ctanos Historia de Revilla Records La historia de Revilla Records en la industria de la m\u00fasica. La historia de Revilla Records en la industria de la m\u00fasica ha sido muy interesante y ha dejado una huella importante. Despu\u00e9s de a\u00f1os de trabajo arduo, la compa\u00f1\u00eda logr\u00f3 consolidarse [&hellip;]<\/p>\n","protected":false},"author":1,"featured_media":0,"parent":0,"menu_order":0,"comment_status":"closed","ping_status":"closed","template":"elementor_header_footer","meta":{"_monsterinsights_skip_tracking":false,"_monsterinsights_sitenote_active":false,"_monsterinsights_sitenote_note":"","_monsterinsights_sitenote_category":0,"footnotes":""},"yoast_head":"<!-- This site is optimized with the Yoast SEO plugin v22.2 - https:\/\/yoast.com\/wordpress\/plugins\/seo\/ -->\n<title>Home - Revilla Records Music Group<\/title>\n<meta name=\"robots\" content=\"index, follow, max-snippet:-1, max-image-preview:large, max-video-preview:-1\" \/>\n<link rel=\"canonical\" href=\"https:\/\/revillarecordsmusicgroup.com\/\" \/>\n<meta property=\"og:locale\" content=\"en_US\" \/>\n<meta property=\"og:type\" content=\"article\" \/>\n<meta property=\"og:title\" content=\"Home - Revilla Records Music Group\" \/>\n<meta property=\"og:description\" content=\"Revilla Records Music Group Haciendo Cumbia desde 1985 Cont\u00e1ctanos Historia de Revilla Records La historia de Revilla Records en la industria de la m\u00fasica. La historia de Revilla Records en la industria de la m\u00fasica ha sido muy interesante y ha dejado una huella importante. Despu\u00e9s de a\u00f1os de trabajo arduo, la compa\u00f1\u00eda logr\u00f3 consolidarse [&hellip;]\" \/>\n<meta property=\"og:url\" content=\"https:\/\/revillarecordsmusicgroup.com\/\" \/>\n<meta property=\"og:site_name\" content=\"Revilla Records Music Group\" \/>\n<meta property=\"article:modified_time\" content=\"2023-04-13T19:01:10+00:00\" \/>\n<meta property=\"og:image\" content=\"http:\/\/revillarecordsmusicgroup.com\/wp-content\/uploads\/2023\/03\/cropped-2-1.png\" \/>\n<meta name=\"twitter:card\" content=\"summary_large_image\" \/>\n<meta name=\"twitter:label1\" content=\"Est. reading time\" \/>\n\t<meta name=\"twitter:data1\" content=\"1 minute\" \/>\n<script type=\"application\/ld+json\" class=\"yoast-schema-graph\">{\"@context\":\"https:\/\/schema.org\",\"@graph\":[{\"@type\":\"WebPage\",\"@id\":\"https:\/\/revillarecordsmusicgroup.com\/\",\"url\":\"https:\/\/revillarecordsmusicgroup.com\/\",\"name\":\"Home - Revilla Records Music Group\",\"isPartOf\":{\"@id\":\"https:\/\/revillarecordsmusicgroup.com\/#website\"},\"primaryImageOfPage\":{\"@id\":\"https:\/\/revillarecordsmusicgroup.com\/#primaryimage\"},\"image\":{\"@id\":\"https:\/\/revillarecordsmusicgroup.com\/#primaryimage\"},\"thumbnailUrl\":\"http:\/\/revillarecordsmusicgroup.com\/wp-content\/uploads\/2023\/03\/cropped-2-1.png\",\"datePublished\":\"2023-03-23T14:34:38+00:00\",\"dateModified\":\"2023-04-13T19:01:10+00:00\",\"breadcrumb\":{\"@id\":\"https:\/\/revillarecordsmusicgroup.com\/#breadcrumb\"},\"inLanguage\":\"en-US\",\"potentialAction\":[{\"@type\":\"ReadAction\",\"target\":[\"https:\/\/revillarecordsmusicgroup.com\/\"]}]},{\"@type\":\"ImageObject\",\"inLanguage\":\"en-US\",\"@id\":\"https:\/\/revillarecordsmusicgroup.com\/#primaryimage\",\"url\":\"http:\/\/revillarecordsmusicgroup.com\/wp-content\/uploads\/2023\/03\/cropped-2-1.png\",\"contentUrl\":\"http:\/\/revillarecordsmusicgroup.com\/wp-content\/uploads\/2023\/03\/cropped-2-1.png\"},{\"@type\":\"BreadcrumbList\",\"@id\":\"https:\/\/revillarecordsmusicgroup.com\/#breadcrumb\",\"itemListElement\":[{\"@type\":\"ListItem\",\"position\":1,\"name\":\"Portada\",\"item\":\"https:\/\/revillarecordsmusicgroup.com\/\"},{\"@type\":\"ListItem\",\"position\":2,\"name\":\"Home\"}]},{\"@type\":\"WebSite\",\"@id\":\"https:\/\/revillarecordsmusicgroup.com\/#website\",\"url\":\"https:\/\/revillarecordsmusicgroup.com\/\",\"name\":\"Revilla Records Music Group\",\"description\":\"Haciendo Cumbia desde 1985\",\"publisher\":{\"@id\":\"https:\/\/revillarecordsmusicgroup.com\/#organization\"},\"potentialAction\":[{\"@type\":\"SearchAction\",\"target\":{\"@type\":\"EntryPoint\",\"urlTemplate\":\"https:\/\/revillarecordsmusicgroup.com\/?s={search_term_string}\"},\"query-input\":\"required name=search_term_string\"}],\"inLanguage\":\"en-US\"},{\"@type\":\"Organization\",\"@id\":\"https:\/\/revillarecordsmusicgroup.com\/#organization\",\"name\":\"Revilla Records Music Group\",\"url\":\"https:\/\/revillarecordsmusicgroup.com\/\",\"logo\":{\"@type\":\"ImageObject\",\"inLanguage\":\"en-US\",\"@id\":\"https:\/\/revillarecordsmusicgroup.com\/#\/schema\/logo\/image\/\",\"url\":\"https:\/\/revillarecordsmusicgroup.com\/wp-content\/uploads\/2023\/03\/cropped-2-1.png\",\"contentUrl\":\"https:\/\/revillarecordsmusicgroup.com\/wp-content\/uploads\/2023\/03\/cropped-2-1.png\",\"width\":500,\"height\":500,\"caption\":\"Revilla Records Music Group\"},\"image\":{\"@id\":\"https:\/\/revillarecordsmusicgroup.com\/#\/schema\/logo\/image\/\"}}]}<\/script>\n<!-- \/ Yoast SEO plugin. -->","yoast_head_json":{"title":"Home - Revilla Records Music Group","robots":{"index":"index","follow":"follow","max-snippet":"max-snippet:-1","max-image-preview":"max-image-preview:large","max-video-preview":"max-video-preview:-1"},"canonical":"https:\/\/revillarecordsmusicgroup.com\/","og_locale":"en_US","og_type":"article","og_title":"Home - Revilla Records Music Group","og_description":"Revilla Records Music Group Haciendo Cumbia desde 1985 Cont\u00e1ctanos Historia de Revilla Records La historia de Revilla Records en la industria de la m\u00fasica. La historia de Revilla Records en la industria de la m\u00fasica ha sido muy interesante y ha dejado una huella importante. Despu\u00e9s de a\u00f1os de trabajo arduo, la compa\u00f1\u00eda logr\u00f3 consolidarse [&hellip;]","og_url":"https:\/\/revillarecordsmusicgroup.com\/","og_site_name":"Revilla Records Music Group","article_modified_time":"2023-04-13T19:01:10+00:00","og_image":[{"url":"http:\/\/revillarecordsmusicgroup.com\/wp-content\/uploads\/2023\/03\/cropped-2-1.png"}],"twitter_card":"summary_large_image","twitter_misc":{"Est. reading time":"1 minute"},"schema":{"@context":"https:\/\/schema.org","@graph":[{"@type":"WebPage","@id":"https:\/\/revillarecordsmusicgroup.com\/","url":"https:\/\/revillarecordsmusicgroup.com\/","name":"Home - Revilla Records Music Group","isPartOf":{"@id":"https:\/\/revillarecordsmusicgroup.com\/#website"},"primaryImageOfPage":{"@id":"https:\/\/revillarecordsmusicgroup.com\/#primaryimage"},"image":{"@id":"https:\/\/revillarecordsmusicgroup.com\/#primaryimage"},"thumbnailUrl":"http:\/\/revillarecordsmusicgroup.com\/wp-content\/uploads\/2023\/03\/cropped-2-1.png","datePublished":"2023-03-23T14:34:38+00:00","dateModified":"2023-04-13T19:01:10+00:00","breadcrumb":{"@id":"https:\/\/revillarecordsmusicgroup.com\/#breadcrumb"},"inLanguage":"en-US","potentialAction":[{"@type":"ReadAction","target":["https:\/\/revillarecordsmusicgroup.com\/"]}]},{"@type":"ImageObject","inLanguage":"en-US","@id":"https:\/\/revillarecordsmusicgroup.com\/#primaryimage","url":"http:\/\/revillarecordsmusicgroup.com\/wp-content\/uploads\/2023\/03\/cropped-2-1.png","contentUrl":"http:\/\/revillarecordsmusicgroup.com\/wp-content\/uploads\/2023\/03\/cropped-2-1.png"},{"@type":"BreadcrumbList","@id":"https:\/\/revillarecordsmusicgroup.com\/#breadcrumb","itemListElement":[{"@type":"ListItem","position":1,"name":"Portada","item":"https:\/\/revillarecordsmusicgroup.com\/"},{"@type":"ListItem","position":2,"name":"Home"}]},{"@type":"WebSite","@id":"https:\/\/revillarecordsmusicgroup.com\/#website","url":"https:\/\/revillarecordsmusicgroup.com\/","name":"Revilla Records Music Group","description":"Haciendo Cumbia desde 1985","publisher":{"@id":"https:\/\/revillarecordsmusicgroup.com\/#organization"},"potentialAction":[{"@type":"SearchAction","target":{"@type":"EntryPoint","urlTemplate":"https:\/\/revillarecordsmusicgroup.com\/?s={search_term_string}"},"query-input":"required name=search_term_string"}],"inLanguage":"en-US"},{"@type":"Organization","@id":"https:\/\/revillarecordsmusicgroup.com\/#organization","name":"Revilla Records Music Group","url":"https:\/\/revillarecordsmusicgroup.com\/","logo":{"@type":"ImageObject","inLanguage":"en-US","@id":"https:\/\/revillarecordsmusicgroup.com\/#\/schema\/logo\/image\/","url":"https:\/\/revillarecordsmusicgroup.com\/wp-content\/uploads\/2023\/03\/cropped-2-1.png","contentUrl":"https:\/\/revillarecordsmusicgroup.com\/wp-content\/uploads\/2023\/03\/cropped-2-1.png","width":500,"height":500,"caption":"Revilla Records Music Group"},"image":{"@id":"https:\/\/revillarecordsmusicgroup.com\/#\/schema\/logo\/image\/"}}]}},"_links":{"self":[{"href":"https:\/\/revillarecordsmusicgroup.com\/index.php\/wp-json\/wp\/v2\/pages\/52"}],"collection":[{"href":"https:\/\/revillarecordsmusicgroup.com\/index.php\/wp-json\/wp\/v2\/pages"}],"about":[{"href":"https:\/\/revillarecordsmusicgroup.com\/index.php\/wp-json\/wp\/v2\/types\/page"}],"author":[{"embeddable":true,"href":"https:\/\/revillarecordsmusicgroup.com\/index.php\/wp-json\/wp\/v2\/users\/1"}],"replies":[{"embeddable":true,"href":"https:\/\/revillarecordsmusicgroup.com\/index.php\/wp-json\/wp\/v2\/comments?post=52"}],"version-history":[{"count":58,"href":"https:\/\/revillarecordsmusicgroup.com\/index.php\/wp-json\/wp\/v2\/pages\/52\/revisions"}],"predecessor-version":[{"id":324,"href":"https:\/\/revillarecordsmusicgroup.com\/index.php\/wp-json\/wp\/v2\/pages\/52\/revisions\/324"}],"wp:attachment":[{"href":"https:\/\/revillarecordsmusicgroup.com\/index.php\/wp-json\/wp\/v2\/media?parent=52"}],"curies":[{"name":"wp","href":"https:\/\/api.w.org\/{rel}","templated":true}]}}